{"id":975,"date":"2021-08-12T13:24:34","date_gmt":"2021-08-12T13:24:34","guid":{"rendered":"https:\/\/yqqen.beeweb-red.io\/?post_type=product&#038;p=975"},"modified":"2023-11-08T07:38:50","modified_gmt":"2023-11-08T07:38:50","slug":"aktivit-vindjacka","status":"publish","type":"product","link":"https:\/\/internshop.aktivit.se\/?product=aktivit-vindjacka","title":{"rendered":"AktivIT Jacka"},"content":{"rendered":"","protected":false},"excerpt":{"rendered":"<p>Yttertyg 100% recycle nylon<\/p>\n<p>Innertyg 100%\u00a0 recycle Nylon\/Mesh 100% recycle Rpet<\/p>\n<p>Vattent\u00e4t och vindt\u00e4t med andasfunktion. Vattent\u00e4thet 10.000mm \/ Andningsbarhet 6.000g\/m2\/24h.<\/p>\n<p>Avtagbar huva. Tejpade s\u00f6mmar. PFC fri ytbehandling av yttertyg \u201cBionic ECO\u201d\u00a0 Oeko-Tex. Global Recycled.<\/p>\n<p>F\u00e4rg Marin\u00a0 \u2022 \u00a0 Herr XS-4XL<\/p>\n<p>Tv\u00e4ttr\u00e5d 40\u00b0&hellip;<\/p>\n<p class=\"product woocommerce add_to_cart_inline \" style=\"border:4px solid #ccc; padding: 12px;\"><span class=\"woocommerce-Price-amount amount\"><bdi>1,000.00<span class=\"woocommerce-Price-currencySymbol\">&#107;&#114;<\/span><\/bdi><\/span><a href=\"https:\/\/internshop.aktivit.se\/?product=aktivit-vindjacka\" aria-describedby=\"woocommerce_loop_add_to_cart_link_describedby_975\" data-quantity=\"1\" class=\"button product_type_variable add_to_cart_button\" data-product_id=\"975\" data-product_sku=\"MH-488 Marin\" aria-label=\"V\u00e4lj alternativ f\u00f6r \u201dAktivIT Jacka\u201d\" rel=\"nofollow\">V\u00e4lj alternativ<\/a>\t<span id=\"woocommerce_loop_add_to_cart_link_describedby_975\" class=\"screen-reader-text\"><br \/>\n\t\tDen h\u00e4r produkten har flera varianter. De olika alternativen kan v\u00e4ljas p\u00e5 produktsidan\t<\/span><\/p>\n","protected":false},"featured_media":974,"comment_status":"open","ping_status":"closed","template":"","meta":[],"product_brand":[],"product_cat":[82],"product_tag":[83,84],"class_list":{"0":"post-975","1":"product","2":"type-product","3":"status-publish","4":"has-post-thumbnail","6":"product_cat-jackor","7":"product_tag-jacka","8":"product_tag-jackor","10":"first","11":"instock","12":"shipping-taxable","13":"purchasable","14":"product-type-variable"},"_links":{"self":[{"href":"https:\/\/internshop.aktivit.se\/index.php?rest_route=\/wp\/v2\/product\/975","targetHints":{"allow":["GET"]}}],"collection":[{"href":"https:\/\/internshop.aktivit.se\/index.php?rest_route=\/wp\/v2\/product"}],"about":[{"href":"https:\/\/internshop.aktivit.se\/index.php?rest_route=\/wp\/v2\/types\/product"}],"replies":[{"embeddable":true,"href":"https:\/\/internshop.aktivit.se\/index.php?rest_route=%2Fwp%2Fv2%2Fcomments&post=975"}],"wp:featuredmedia":[{"embeddable":true,"href":"https:\/\/internshop.aktivit.se\/index.php?rest_route=\/wp\/v2\/media\/974"}],"wp:attachment":[{"href":"https:\/\/internshop.aktivit.se\/index.php?rest_route=%2Fwp%2Fv2%2Fmedia&parent=975"}],"wp:term":[{"taxonomy":"product_brand","embeddable":true,"href":"https:\/\/internshop.aktivit.se\/index.php?rest_route=%2Fwp%2Fv2%2Fproduct_brand&post=975"},{"taxonomy":"product_cat","embeddable":true,"href":"https:\/\/internshop.aktivit.se\/index.php?rest_route=%2Fwp%2Fv2%2Fproduct_cat&post=975"},{"taxonomy":"product_tag","embeddable":true,"href":"https:\/\/internshop.aktivit.se\/index.php?rest_route=%2Fwp%2Fv2%2Fproduct_tag&post=975"}],"curies":[{"name":"wp","href":"https:\/\/api.w.org\/{rel}","templated":true}]}}