{"id":964,"date":"2021-08-12T13:06:13","date_gmt":"2021-08-12T13:06:13","guid":{"rendered":"https:\/\/yqqen.beeweb-red.io\/?post_type=product&#038;p=964"},"modified":"2023-11-08T07:39:00","modified_gmt":"2023-11-08T07:39:00","slug":"aktivit-jacka","status":"publish","type":"product","link":"https:\/\/internshop.aktivit.se\/?product=aktivit-jacka","title":{"rendered":"AktivIT Vinterjacka"},"content":{"rendered":"","protected":false},"excerpt":{"rendered":"<div class=\"product attribute overview\">\n<div class=\"value\">\n<p>Yttertyg 100% polyester \u2022 Innertyg 100% nylon \u2022 Foder 120g\/100% polyester<br \/>\nVindt\u00e4t, vattenavvisande samt andasfunktion. Vattent\u00e4thet 5 000mm \/ Andningsbarhet 3.000g\/m2\/24h<br \/>\nPFC fri ytbehandling av yttertyg \u201cNanotex, Tv\u00e4ttr\u00e5d 40\u00b0<\/p>\n<\/div>\n<\/div>\n<p>&hellip;<\/p>\n<p class=\"product woocommerce add_to_cart_inline \" style=\"border:4px solid #ccc; padding: 12px;\"><span class=\"woocommerce-Price-amount amount\"><bdi>800.00<span class=\"woocommerce-Price-currencySymbol\">&#107;&#114;<\/span><\/bdi><\/span><a href=\"https:\/\/internshop.aktivit.se\/?product=aktivit-jacka\" aria-describedby=\"woocommerce_loop_add_to_cart_link_describedby_964\" data-quantity=\"1\" class=\"button product_type_variable add_to_cart_button\" data-product_id=\"964\" data-product_sku=\"MH-144 Marin\" aria-label=\"V\u00e4lj alternativ f\u00f6r \u201dAktivIT Vinterjacka\u201d\" rel=\"nofollow\">V\u00e4lj alternativ<\/a>\t<span id=\"woocommerce_loop_add_to_cart_link_describedby_964\" class=\"screen-reader-text\"><br \/>\n\t\tDen h\u00e4r produkten har flera varianter. De olika alternativen kan v\u00e4ljas p\u00e5 produktsidan\t<\/span><\/p>\n","protected":false},"featured_media":973,"comment_status":"open","ping_status":"closed","template":"","meta":[],"product_brand":[],"product_cat":[82],"product_tag":[83,84],"class_list":{"0":"post-964","1":"product","2":"type-product","3":"status-publish","4":"has-post-thumbnail","6":"product_cat-jackor","7":"product_tag-jacka","8":"product_tag-jackor","10":"first","11":"instock","12":"shipping-taxable","13":"purchasable","14":"product-type-variable"},"_links":{"self":[{"href":"https:\/\/internshop.aktivit.se\/index.php?rest_route=\/wp\/v2\/product\/964","targetHints":{"allow":["GET"]}}],"collection":[{"href":"https:\/\/internshop.aktivit.se\/index.php?rest_route=\/wp\/v2\/product"}],"about":[{"href":"https:\/\/internshop.aktivit.se\/index.php?rest_route=\/wp\/v2\/types\/product"}],"replies":[{"embeddable":true,"href":"https:\/\/internshop.aktivit.se\/index.php?rest_route=%2Fwp%2Fv2%2Fcomments&post=964"}],"wp:featuredmedia":[{"embeddable":true,"href":"https:\/\/internshop.aktivit.se\/index.php?rest_route=\/wp\/v2\/media\/973"}],"wp:attachment":[{"href":"https:\/\/internshop.aktivit.se\/index.php?rest_route=%2Fwp%2Fv2%2Fmedia&parent=964"}],"wp:term":[{"taxonomy":"product_brand","embeddable":true,"href":"https:\/\/internshop.aktivit.se\/index.php?rest_route=%2Fwp%2Fv2%2Fproduct_brand&post=964"},{"taxonomy":"product_cat","embeddable":true,"href":"https:\/\/internshop.aktivit.se\/index.php?rest_route=%2Fwp%2Fv2%2Fproduct_cat&post=964"},{"taxonomy":"product_tag","embeddable":true,"href":"https:\/\/internshop.aktivit.se\/index.php?rest_route=%2Fwp%2Fv2%2Fproduct_tag&post=964"}],"curies":[{"name":"wp","href":"https:\/\/api.w.org\/{rel}","templated":true}]}}