{"id":428,"date":"2021-08-10T11:59:44","date_gmt":"2021-08-10T11:59:44","guid":{"rendered":"https:\/\/yqqen.beeweb-red.io\/?post_type=product&#038;p=428"},"modified":"2023-11-08T07:30:26","modified_gmt":"2023-11-08T07:30:26","slug":"428","status":"publish","type":"product","link":"https:\/\/internshop.aktivit.se\/?product=428","title":{"rendered":"AktivIT Chinos"},"content":{"rendered":"","protected":false},"excerpt":{"rendered":"<p>Chinos gjorda i slitstark bomull som \u00e4r uppblandad med elastan f\u00f6r extra stretch och komfort. Klassisk passform med rakst\u00e4llda ben. Byxan finns i tv\u00e5 innerbensl\u00e4ngder: 32\u201d 82 cm och 34\u201d 86 cm. Snedfickor framtill, passpoalfickor bak samt gylf med YKK dragkedja. Vi rekommenderar att du matchar Bridgeport Chinos tillsammans med v\u00e5r Ellensburg denimskjorta eller Belfair oxfordskjorta \u2013 f\u00f6r en perfekt hipp look! \u00d6ko-tex certifierad.&hellip;<\/p>\n<p class=\"product woocommerce add_to_cart_inline \" style=\"border:4px solid #ccc; padding: 12px;\"><span class=\"woocommerce-Price-amount amount\"><bdi>600.00<span class=\"woocommerce-Price-currencySymbol\">&#107;&#114;<\/span><\/bdi><\/span><a href=\"https:\/\/internshop.aktivit.se\/?product=428\" aria-describedby=\"woocommerce_loop_add_to_cart_link_describedby_428\" data-quantity=\"1\" class=\"button product_type_variable add_to_cart_button\" data-product_id=\"428\" data-product_sku=\"356406-99\" aria-label=\"V\u00e4lj alternativ f\u00f6r \u201dAktivIT Chinos\u201d\" rel=\"nofollow\">V\u00e4lj alternativ<\/a>\t<span id=\"woocommerce_loop_add_to_cart_link_describedby_428\" class=\"screen-reader-text\"><br \/>\n\t\tDen h\u00e4r produkten har flera varianter. De olika alternativen kan v\u00e4ljas p\u00e5 produktsidan\t<\/span><\/p>\n","protected":false},"featured_media":748,"comment_status":"open","ping_status":"closed","template":"","meta":[],"product_brand":[],"product_cat":[43],"product_tag":[44],"class_list":{"0":"post-428","1":"product","2":"type-product","3":"status-publish","4":"has-post-thumbnail","6":"product_cat-byxor","7":"product_tag-byxor","9":"first","10":"instock","11":"shipping-taxable","12":"purchasable","13":"product-type-variable"},"_links":{"self":[{"href":"https:\/\/internshop.aktivit.se\/index.php?rest_route=\/wp\/v2\/product\/428","targetHints":{"allow":["GET"]}}],"collection":[{"href":"https:\/\/internshop.aktivit.se\/index.php?rest_route=\/wp\/v2\/product"}],"about":[{"href":"https:\/\/internshop.aktivit.se\/index.php?rest_route=\/wp\/v2\/types\/product"}],"replies":[{"embeddable":true,"href":"https:\/\/internshop.aktivit.se\/index.php?rest_route=%2Fwp%2Fv2%2Fcomments&post=428"}],"wp:featuredmedia":[{"embeddable":true,"href":"https:\/\/internshop.aktivit.se\/index.php?rest_route=\/wp\/v2\/media\/748"}],"wp:attachment":[{"href":"https:\/\/internshop.aktivit.se\/index.php?rest_route=%2Fwp%2Fv2%2Fmedia&parent=428"}],"wp:term":[{"taxonomy":"product_brand","embeddable":true,"href":"https:\/\/internshop.aktivit.se\/index.php?rest_route=%2Fwp%2Fv2%2Fproduct_brand&post=428"},{"taxonomy":"product_cat","embeddable":true,"href":"https:\/\/internshop.aktivit.se\/index.php?rest_route=%2Fwp%2Fv2%2Fproduct_cat&post=428"},{"taxonomy":"product_tag","embeddable":true,"href":"https:\/\/internshop.aktivit.se\/index.php?rest_route=%2Fwp%2Fv2%2Fproduct_tag&post=428"}],"curies":[{"name":"wp","href":"https:\/\/api.w.org\/{rel}","templated":true}]}}