{"id":383,"date":"2021-08-10T09:41:22","date_gmt":"2021-08-10T09:41:22","guid":{"rendered":"https:\/\/yqqen.beeweb-red.io\/?post_type=product&#038;p=383"},"modified":"2023-11-08T07:34:59","modified_gmt":"2023-11-08T07:34:59","slug":"aktivit-pullover-2","status":"publish","type":"product","link":"https:\/\/internshop.aktivit.se\/?product=aktivit-pullover-2","title":{"rendered":"AktivIT Pullover"},"content":{"rendered":"","protected":false},"excerpt":{"rendered":"<p>Finstickad tr\u00f6ja med V-ringning och ribbstickning. Nedre f\u00e5ll och muddar i 2 x 2 revben med Lycra som h\u00e5ller passformen.<\/p>\n<p>Material: 100% bomull.<br \/>\nStorlekar: S-M-L-XL-XXL-XXXL<br \/>\nTv\u00e4ttr\u00e5d: 40 \u00b0&hellip;<\/p>\n<p class=\"product woocommerce add_to_cart_inline \" style=\"border:4px solid #ccc; padding: 12px;\"><span class=\"woocommerce-Price-amount amount\"><bdi>475.00<span class=\"woocommerce-Price-currencySymbol\">&#107;&#114;<\/span><\/bdi><\/span><a href=\"https:\/\/internshop.aktivit.se\/?product=aktivit-pullover-2\" aria-describedby=\"woocommerce_loop_add_to_cart_link_describedby_383\" data-quantity=\"1\" class=\"button product_type_variable add_to_cart_button\" data-product_id=\"383\" data-product_sku=\"506-98\" aria-label=\"V\u00e4lj alternativ f\u00f6r \u201dAktivIT Pullover\u201d\" rel=\"nofollow\">V\u00e4lj alternativ<\/a>\t<span id=\"woocommerce_loop_add_to_cart_link_describedby_383\" class=\"screen-reader-text\"><br \/>\n\t\tDen h\u00e4r produkten har flera varianter. De olika alternativen kan v\u00e4ljas p\u00e5 produktsidan\t<\/span><\/p>\n","protected":false},"featured_media":1054,"comment_status":"open","ping_status":"closed","template":"","meta":[],"product_brand":[],"product_cat":[33],"product_tag":[39,34],"class_list":{"0":"post-383","1":"product","2":"type-product","3":"status-publish","4":"has-post-thumbnail","6":"product_cat-trojor","7":"product_tag-pullover","8":"product_tag-trojor","10":"first","11":"instock","12":"shipping-taxable","13":"purchasable","14":"product-type-variable"},"_links":{"self":[{"href":"https:\/\/internshop.aktivit.se\/index.php?rest_route=\/wp\/v2\/product\/383","targetHints":{"allow":["GET"]}}],"collection":[{"href":"https:\/\/internshop.aktivit.se\/index.php?rest_route=\/wp\/v2\/product"}],"about":[{"href":"https:\/\/internshop.aktivit.se\/index.php?rest_route=\/wp\/v2\/types\/product"}],"replies":[{"embeddable":true,"href":"https:\/\/internshop.aktivit.se\/index.php?rest_route=%2Fwp%2Fv2%2Fcomments&post=383"}],"wp:featuredmedia":[{"embeddable":true,"href":"https:\/\/internshop.aktivit.se\/index.php?rest_route=\/wp\/v2\/media\/1054"}],"wp:attachment":[{"href":"https:\/\/internshop.aktivit.se\/index.php?rest_route=%2Fwp%2Fv2%2Fmedia&parent=383"}],"wp:term":[{"taxonomy":"product_brand","embeddable":true,"href":"https:\/\/internshop.aktivit.se\/index.php?rest_route=%2Fwp%2Fv2%2Fproduct_brand&post=383"},{"taxonomy":"product_cat","embeddable":true,"href":"https:\/\/internshop.aktivit.se\/index.php?rest_route=%2Fwp%2Fv2%2Fproduct_cat&post=383"},{"taxonomy":"product_tag","embeddable":true,"href":"https:\/\/internshop.aktivit.se\/index.php?rest_route=%2Fwp%2Fv2%2Fproduct_tag&post=383"}],"curies":[{"name":"wp","href":"https:\/\/api.w.org\/{rel}","templated":true}]}}