{"id":329,"date":"2021-08-10T08:24:59","date_gmt":"2021-08-10T08:24:59","guid":{"rendered":"https:\/\/yqqen.beeweb-red.io\/?post_type=product&#038;p=329"},"modified":"2023-11-08T07:35:39","modified_gmt":"2023-11-08T07:35:39","slug":"aktivit-pikeskjorta","status":"publish","type":"product","link":"https:\/\/internshop.aktivit.se\/?product=aktivit-pikeskjorta","title":{"rendered":"AktivIT Pik\u00e9skjorta"},"content":{"rendered":"","protected":false},"excerpt":{"rendered":"<p>Pik\u00e9tr\u00f6ja i dam- och herrmodell. Denna pik\u00e9 \u00e4r i blandvara vilket g\u00f6r att den garanterar en \u00f6kad f\u00e4rgbest\u00e4ndighet f\u00f6r dig som beh\u00f6ver tv\u00e4tta dina plagg ofta. Pik\u00e9n har 2 jaquardstickade r\u00e4nder p\u00e5 kragen, 3 ton-i-ton knappar i knappsl\u00e5n samt slitsar i sidorna.&hellip;<\/p>\n<p class=\"product woocommerce add_to_cart_inline \" style=\"border:4px solid #ccc; padding: 12px;\"><span class=\"woocommerce-Price-amount amount\"><bdi>210.00<span class=\"woocommerce-Price-currencySymbol\">&#107;&#114;<\/span><\/bdi><\/span><a href=\"https:\/\/internshop.aktivit.se\/?product=aktivit-pikeskjorta\" aria-describedby=\"woocommerce_loop_add_to_cart_link_describedby_329\" data-quantity=\"1\" class=\"button product_type_variable add_to_cart_button\" data-product_id=\"329\" data-product_sku=\"028250-99\" aria-label=\"V\u00e4lj alternativ f\u00f6r \u201dAktivIT Pik\u00e9skjorta\u201d\" rel=\"nofollow\">V\u00e4lj alternativ<\/a>\t<span id=\"woocommerce_loop_add_to_cart_link_describedby_329\" class=\"screen-reader-text\"><br \/>\n\t\tDen h\u00e4r produkten har flera varianter. De olika alternativen kan v\u00e4ljas p\u00e5 produktsidan\t<\/span><\/p>\n","protected":false},"featured_media":909,"comment_status":"open","ping_status":"closed","template":"","meta":[],"product_brand":[],"product_cat":[36],"product_tag":[38,37],"class_list":{"0":"post-329","1":"product","2":"type-product","3":"status-publish","4":"has-post-thumbnail","6":"product_cat-skjortor","7":"product_tag-pike","8":"product_tag-skjorta","10":"first","11":"instock","12":"shipping-taxable","13":"purchasable","14":"product-type-variable"},"_links":{"self":[{"href":"https:\/\/internshop.aktivit.se\/index.php?rest_route=\/wp\/v2\/product\/329","targetHints":{"allow":["GET"]}}],"collection":[{"href":"https:\/\/internshop.aktivit.se\/index.php?rest_route=\/wp\/v2\/product"}],"about":[{"href":"https:\/\/internshop.aktivit.se\/index.php?rest_route=\/wp\/v2\/types\/product"}],"replies":[{"embeddable":true,"href":"https:\/\/internshop.aktivit.se\/index.php?rest_route=%2Fwp%2Fv2%2Fcomments&post=329"}],"wp:featuredmedia":[{"embeddable":true,"href":"https:\/\/internshop.aktivit.se\/index.php?rest_route=\/wp\/v2\/media\/909"}],"wp:attachment":[{"href":"https:\/\/internshop.aktivit.se\/index.php?rest_route=%2Fwp%2Fv2%2Fmedia&parent=329"}],"wp:term":[{"taxonomy":"product_brand","embeddable":true,"href":"https:\/\/internshop.aktivit.se\/index.php?rest_route=%2Fwp%2Fv2%2Fproduct_brand&post=329"},{"taxonomy":"product_cat","embeddable":true,"href":"https:\/\/internshop.aktivit.se\/index.php?rest_route=%2Fwp%2Fv2%2Fproduct_cat&post=329"},{"taxonomy":"product_tag","embeddable":true,"href":"https:\/\/internshop.aktivit.se\/index.php?rest_route=%2Fwp%2Fv2%2Fproduct_tag&post=329"}],"curies":[{"name":"wp","href":"https:\/\/api.w.org\/{rel}","templated":true}]}}