{"id":232,"date":"2021-08-09T14:05:59","date_gmt":"2021-08-09T14:05:59","guid":{"rendered":"https:\/\/yqqen.beeweb-red.io\/?post_type=product&#038;p=232"},"modified":"2023-11-08T07:39:30","modified_gmt":"2023-11-08T07:39:30","slug":"aktivit-active-hoody","status":"publish","type":"product","link":"https:\/\/internshop.aktivit.se\/?product=aktivit-active-hoody","title":{"rendered":"AktivIT Zip Hoody"},"content":{"rendered":"","protected":false},"excerpt":{"rendered":"<p>En Spun dyed hoodtr\u00f6ja med hel dragkedja. Ton-i-ton dragkedja framtill, p\u00e5 de tv\u00e5 frontfickorna samt p\u00e5 \u00e4rmficka. Flata sn\u00f6ren i huvan, fiskbensm\u00f6nstrat nackband i halsen, ribbad mudd i \u00e4rmavslut och nedtill. Utrustad med smart l\u00f6sning f\u00f6r h\u00f6rlurar.&hellip;<\/p>\n<p class=\"product woocommerce add_to_cart_inline \" style=\"border:4px solid #ccc; padding: 12px;\"><span class=\"woocommerce-Price-amount amount\"><bdi>300.00<span class=\"woocommerce-Price-currencySymbol\">&#107;&#114;<\/span><\/bdi><\/span><a href=\"https:\/\/internshop.aktivit.se\/?product=aktivit-active-hoody\" aria-describedby=\"woocommerce_loop_add_to_cart_link_describedby_232\" data-quantity=\"1\" class=\"button product_type_variable add_to_cart_button\" data-product_id=\"232\" data-product_sku=\"021014-99\" aria-label=\"V\u00e4lj alternativ f\u00f6r \u201dAktivIT Zip Hoody\u201d\" rel=\"nofollow\">V\u00e4lj alternativ<\/a>\t<span id=\"woocommerce_loop_add_to_cart_link_describedby_232\" class=\"screen-reader-text\"><br \/>\n\t\tDen h\u00e4r produkten har flera varianter. De olika alternativen kan v\u00e4ljas p\u00e5 produktsidan\t<\/span><\/p>\n","protected":false},"featured_media":710,"comment_status":"open","ping_status":"closed","template":"","meta":[],"product_brand":[],"product_cat":[33],"product_tag":[35,34],"class_list":{"0":"post-232","1":"product","2":"type-product","3":"status-publish","4":"has-post-thumbnail","6":"product_cat-trojor","7":"product_tag-hoodie","8":"product_tag-trojor","10":"first","11":"instock","12":"shipping-taxable","13":"purchasable","14":"product-type-variable"},"_links":{"self":[{"href":"https:\/\/internshop.aktivit.se\/index.php?rest_route=\/wp\/v2\/product\/232","targetHints":{"allow":["GET"]}}],"collection":[{"href":"https:\/\/internshop.aktivit.se\/index.php?rest_route=\/wp\/v2\/product"}],"about":[{"href":"https:\/\/internshop.aktivit.se\/index.php?rest_route=\/wp\/v2\/types\/product"}],"replies":[{"embeddable":true,"href":"https:\/\/internshop.aktivit.se\/index.php?rest_route=%2Fwp%2Fv2%2Fcomments&post=232"}],"wp:featuredmedia":[{"embeddable":true,"href":"https:\/\/internshop.aktivit.se\/index.php?rest_route=\/wp\/v2\/media\/710"}],"wp:attachment":[{"href":"https:\/\/internshop.aktivit.se\/index.php?rest_route=%2Fwp%2Fv2%2Fmedia&parent=232"}],"wp:term":[{"taxonomy":"product_brand","embeddable":true,"href":"https:\/\/internshop.aktivit.se\/index.php?rest_route=%2Fwp%2Fv2%2Fproduct_brand&post=232"},{"taxonomy":"product_cat","embeddable":true,"href":"https:\/\/internshop.aktivit.se\/index.php?rest_route=%2Fwp%2Fv2%2Fproduct_cat&post=232"},{"taxonomy":"product_tag","embeddable":true,"href":"https:\/\/internshop.aktivit.se\/index.php?rest_route=%2Fwp%2Fv2%2Fproduct_tag&post=232"}],"curies":[{"name":"wp","href":"https:\/\/api.w.org\/{rel}","templated":true}]}}