{"id":1395,"date":"2024-02-15T09:44:22","date_gmt":"2024-02-15T09:44:22","guid":{"rendered":"https:\/\/internshop.aktivit.se\/?post_type=product&#038;p=1395"},"modified":"2024-02-15T10:02:23","modified_gmt":"2024-02-15T10:02:23","slug":"aktivit-vast","status":"publish","type":"product","link":"https:\/\/internshop.aktivit.se\/?product=aktivit-vast","title":{"rendered":"AktivIT V\u00e4st"},"content":{"rendered":"","protected":false},"excerpt":{"rendered":"<div class=\"long description product-long-description\">\n<p>Powerfleece v\u00e4st i melerad singel jersey bondad med fleece. Br\u00f6stficka p\u00e5 h\u00f6ger sida.<\/p>\n<p>Material: Polyester<\/p>\n<\/div>\n<p>&hellip;<\/p>\n<p class=\"product woocommerce add_to_cart_inline \" style=\"border:4px solid #ccc; padding: 12px;\"><span class=\"woocommerce-Price-amount amount\"><bdi>500.00<span class=\"woocommerce-Price-currencySymbol\">&#107;&#114;<\/span><\/bdi><\/span><a href=\"https:\/\/internshop.aktivit.se\/?product=aktivit-vast\" aria-describedby=\"woocommerce_loop_add_to_cart_link_describedby_1395\" data-quantity=\"1\" class=\"button product_type_variable add_to_cart_button\" data-product_id=\"1395\" data-product_sku=\"mh-715-vast-h\" aria-label=\"V\u00e4lj alternativ f\u00f6r \u201dAktivIT V\u00e4st\u201d\" rel=\"nofollow\">V\u00e4lj alternativ<\/a>\t<span id=\"woocommerce_loop_add_to_cart_link_describedby_1395\" class=\"screen-reader-text\"><br \/>\n\t\tDen h\u00e4r produkten har flera varianter. De olika alternativen kan v\u00e4ljas p\u00e5 produktsidan\t<\/span><\/p>\n","protected":false},"featured_media":1407,"comment_status":"open","ping_status":"closed","template":"","meta":[],"product_brand":[],"product_cat":[33],"product_tag":[92,34,93,94],"class_list":{"0":"post-1395","1":"product","2":"type-product","3":"status-publish","4":"has-post-thumbnail","6":"product_cat-trojor","7":"product_tag-troja","8":"product_tag-trojor","9":"product_tag-vast","10":"product_tag-vastar","12":"first","13":"instock","14":"shipping-taxable","15":"purchasable","16":"product-type-variable"},"_links":{"self":[{"href":"https:\/\/internshop.aktivit.se\/index.php?rest_route=\/wp\/v2\/product\/1395","targetHints":{"allow":["GET"]}}],"collection":[{"href":"https:\/\/internshop.aktivit.se\/index.php?rest_route=\/wp\/v2\/product"}],"about":[{"href":"https:\/\/internshop.aktivit.se\/index.php?rest_route=\/wp\/v2\/types\/product"}],"replies":[{"embeddable":true,"href":"https:\/\/internshop.aktivit.se\/index.php?rest_route=%2Fwp%2Fv2%2Fcomments&post=1395"}],"wp:featuredmedia":[{"embeddable":true,"href":"https:\/\/internshop.aktivit.se\/index.php?rest_route=\/wp\/v2\/media\/1407"}],"wp:attachment":[{"href":"https:\/\/internshop.aktivit.se\/index.php?rest_route=%2Fwp%2Fv2%2Fmedia&parent=1395"}],"wp:term":[{"taxonomy":"product_brand","embeddable":true,"href":"https:\/\/internshop.aktivit.se\/index.php?rest_route=%2Fwp%2Fv2%2Fproduct_brand&post=1395"},{"taxonomy":"product_cat","embeddable":true,"href":"https:\/\/internshop.aktivit.se\/index.php?rest_route=%2Fwp%2Fv2%2Fproduct_cat&post=1395"},{"taxonomy":"product_tag","embeddable":true,"href":"https:\/\/internshop.aktivit.se\/index.php?rest_route=%2Fwp%2Fv2%2Fproduct_tag&post=1395"}],"curies":[{"name":"wp","href":"https:\/\/api.w.org\/{rel}","templated":true}]}}