{"id":13,"date":"2021-08-09T11:58:13","date_gmt":"2021-08-09T11:58:13","guid":{"rendered":"https:\/\/yqqen.beeweb-red.io\/?post_type=product&#038;p=13"},"modified":"2023-11-08T07:33:33","modified_gmt":"2023-11-08T07:33:33","slug":"t-shirt-basic","status":"publish","type":"product","link":"https:\/\/internshop.aktivit.se\/?product=t-shirt-basic","title":{"rendered":"AktivIT T-shirt"},"content":{"rendered":"<p>En modern premium t-shirt i 100% ringspunnen bomull. Kragen \u00e4r i dubbelt tyg och t-shirten har sids\u00f6mmar, f\u00f6rst\u00e4rkt nackband och en avtagbar nacketikett f\u00f6r att l\u00e4tt kunna m\u00e4rkas om med eget varum\u00e4rke. T-shirten \u00e4r f\u00f6rkrympt och enzymbehandlad.<\/p>\n","protected":false},"excerpt":{"rendered":"<p>En modern premium t-shirt i 100% ringspunnen bomull. Kragen \u00e4r i dubbelt tyg och t-shirten har sids\u00f6mmar, f\u00f6rst\u00e4rkt nackband och en avtagbar nacketikett f\u00f6r att l\u00e4tt kunna m\u00e4rkas om med eget varum\u00e4rke. T-shirten \u00e4r f\u00f6rkrympt och enzymbehandlad.&hellip;<\/p>\n<p class=\"product woocommerce add_to_cart_inline \" style=\"border:4px solid #ccc; padding: 12px;\"><span class=\"woocommerce-Price-amount amount\"><bdi>90.00<span class=\"woocommerce-Price-currencySymbol\">&#107;&#114;<\/span><\/bdi><\/span><a href=\"https:\/\/internshop.aktivit.se\/?product=t-shirt-basic\" aria-describedby=\"woocommerce_loop_add_to_cart_link_describedby_13\" data-quantity=\"1\" class=\"button product_type_variable add_to_cart_button\" data-product_id=\"13\" data-product_sku=\"029360-99\" aria-label=\"V\u00e4lj alternativ f\u00f6r \u201dAktivIT T-shirt\u201d\" rel=\"nofollow\">V\u00e4lj alternativ<\/a>\t<span id=\"woocommerce_loop_add_to_cart_link_describedby_13\" class=\"screen-reader-text\"><br \/>\n\t\tDen h\u00e4r produkten har flera varianter. De olika alternativen kan v\u00e4ljas p\u00e5 produktsidan\t<\/span><\/p>\n","protected":false},"featured_media":1106,"comment_status":"open","ping_status":"closed","template":"","meta":[],"product_brand":[],"product_cat":[31],"product_tag":[17,16],"class_list":{"0":"post-13","1":"product","2":"type-product","3":"status-publish","4":"has-post-thumbnail","6":"product_cat-t-shirts","7":"product_tag-tshirts","8":"product_tag-tshirt","10":"first","11":"instock","12":"shipping-taxable","13":"purchasable","14":"product-type-variable"},"_links":{"self":[{"href":"https:\/\/internshop.aktivit.se\/index.php?rest_route=\/wp\/v2\/product\/13","targetHints":{"allow":["GET"]}}],"collection":[{"href":"https:\/\/internshop.aktivit.se\/index.php?rest_route=\/wp\/v2\/product"}],"about":[{"href":"https:\/\/internshop.aktivit.se\/index.php?rest_route=\/wp\/v2\/types\/product"}],"replies":[{"embeddable":true,"href":"https:\/\/internshop.aktivit.se\/index.php?rest_route=%2Fwp%2Fv2%2Fcomments&post=13"}],"wp:featuredmedia":[{"embeddable":true,"href":"https:\/\/internshop.aktivit.se\/index.php?rest_route=\/wp\/v2\/media\/1106"}],"wp:attachment":[{"href":"https:\/\/internshop.aktivit.se\/index.php?rest_route=%2Fwp%2Fv2%2Fmedia&parent=13"}],"wp:term":[{"taxonomy":"product_brand","embeddable":true,"href":"https:\/\/internshop.aktivit.se\/index.php?rest_route=%2Fwp%2Fv2%2Fproduct_brand&post=13"},{"taxonomy":"product_cat","embeddable":true,"href":"https:\/\/internshop.aktivit.se\/index.php?rest_route=%2Fwp%2Fv2%2Fproduct_cat&post=13"},{"taxonomy":"product_tag","embeddable":true,"href":"https:\/\/internshop.aktivit.se\/index.php?rest_route=%2Fwp%2Fv2%2Fproduct_tag&post=13"}],"curies":[{"name":"wp","href":"https:\/\/api.w.org\/{rel}","templated":true}]}}