{"id":1282,"date":"2022-10-26T06:39:36","date_gmt":"2022-10-26T06:39:36","guid":{"rendered":"https:\/\/internshop.aktivit.se\/?post_type=product&#038;p=1282"},"modified":"2023-11-08T07:29:12","modified_gmt":"2023-11-08T07:29:12","slug":"aktivit-klassisk-hoody","status":"publish","type":"product","link":"https:\/\/internshop.aktivit.se\/?product=aktivit-klassisk-hoody","title":{"rendered":"AktivIT Klassisk Hoody"},"content":{"rendered":"","protected":false},"excerpt":{"rendered":"<p>Hoodtr\u00f6ja med ficka p\u00e5 magen. Fickan \u00e4r utrustad med en smart detalj f\u00f6r att kunna b\u00e4ra h\u00f6rlurar. Kontrastf\u00e4rgad mesh i huvan. 2&#215;2 stretchribb i muddar och avslut nedtill p\u00e5 tr\u00f6jan.Ton-i-ton flatlockss\u00f6mmar. Borstad insida.&hellip;<\/p>\n<p class=\"product woocommerce add_to_cart_inline \" style=\"border:4px solid #ccc; padding: 12px;\"><span class=\"woocommerce-Price-amount amount\"><bdi>495.00<span class=\"woocommerce-Price-currencySymbol\">&#107;&#114;<\/span><\/bdi><\/span><a href=\"https:\/\/internshop.aktivit.se\/?product=aktivit-klassisk-hoody\" aria-describedby=\"woocommerce_loop_add_to_cart_link_describedby_1282\" data-quantity=\"1\" class=\"button product_type_variable add_to_cart_button\" data-product_id=\"1282\" data-product_sku=\"021041-955\" aria-label=\"V\u00e4lj alternativ f\u00f6r \u201dAktivIT Klassisk Hoody\u201d\" rel=\"nofollow\">V\u00e4lj alternativ<\/a>\t<span id=\"woocommerce_loop_add_to_cart_link_describedby_1282\" class=\"screen-reader-text\"><br \/>\n\t\tDen h\u00e4r produkten har flera varianter. De olika alternativen kan v\u00e4ljas p\u00e5 produktsidan\t<\/span><\/p>\n","protected":false},"featured_media":1294,"comment_status":"open","ping_status":"closed","template":"","meta":[],"product_brand":[],"product_cat":[33],"product_tag":[35,91,92,34],"class_list":{"0":"post-1282","1":"product","2":"type-product","3":"status-publish","4":"has-post-thumbnail","6":"product_cat-trojor","7":"product_tag-hoodie","8":"product_tag-hoody","9":"product_tag-troja","10":"product_tag-trojor","12":"first","13":"instock","14":"shipping-taxable","15":"purchasable","16":"product-type-variable","17":"has-default-attributes"},"_links":{"self":[{"href":"https:\/\/internshop.aktivit.se\/index.php?rest_route=\/wp\/v2\/product\/1282","targetHints":{"allow":["GET"]}}],"collection":[{"href":"https:\/\/internshop.aktivit.se\/index.php?rest_route=\/wp\/v2\/product"}],"about":[{"href":"https:\/\/internshop.aktivit.se\/index.php?rest_route=\/wp\/v2\/types\/product"}],"replies":[{"embeddable":true,"href":"https:\/\/internshop.aktivit.se\/index.php?rest_route=%2Fwp%2Fv2%2Fcomments&post=1282"}],"wp:featuredmedia":[{"embeddable":true,"href":"https:\/\/internshop.aktivit.se\/index.php?rest_route=\/wp\/v2\/media\/1294"}],"wp:attachment":[{"href":"https:\/\/internshop.aktivit.se\/index.php?rest_route=%2Fwp%2Fv2%2Fmedia&parent=1282"}],"wp:term":[{"taxonomy":"product_brand","embeddable":true,"href":"https:\/\/internshop.aktivit.se\/index.php?rest_route=%2Fwp%2Fv2%2Fproduct_brand&post=1282"},{"taxonomy":"product_cat","embeddable":true,"href":"https:\/\/internshop.aktivit.se\/index.php?rest_route=%2Fwp%2Fv2%2Fproduct_cat&post=1282"},{"taxonomy":"product_tag","embeddable":true,"href":"https:\/\/internshop.aktivit.se\/index.php?rest_route=%2Fwp%2Fv2%2Fproduct_tag&post=1282"}],"curies":[{"name":"wp","href":"https:\/\/api.w.org\/{rel}","templated":true}]}}