{"id":1113,"date":"2021-08-18T13:08:40","date_gmt":"2021-08-18T13:08:40","guid":{"rendered":"https:\/\/internshop.aktivit.se\/?post_type=product&#038;p=1113"},"modified":"2023-11-08T07:39:16","modified_gmt":"2023-11-08T07:39:16","slug":"aktivit-byxa-cargo","status":"publish","type":"product","link":"https:\/\/internshop.aktivit.se\/?product=aktivit-byxa-cargo","title":{"rendered":"AktivIT Arbetsbyxa"},"content":{"rendered":"","protected":false},"excerpt":{"rendered":"<p>En modern cargobyxa med benfickor som passar s\u00e5v\u00e4l p\u00e5 jobbet som fritiden. Dessa unisexbyxor \u00e4r utrustade med tv\u00e5 benfickor med ficklock och kardborref\u00f6rslutning samt ytterligare en dold ficka med dragkedja. Dessutom har de tv\u00e5 klassiska sidfickor samt tv\u00e5 bakfickor med ficklock och kardborref\u00f6rslutning. Elastisk midja samt mjukg\u00f6rande behandlig g\u00f6r byxan smidig och sk\u00f6n att b\u00e4ra&hellip;<\/p>\n<p class=\"product woocommerce add_to_cart_inline \" style=\"border:4px solid #ccc; padding: 12px;\"><span class=\"woocommerce-Price-amount amount\"><bdi>470.00<span class=\"woocommerce-Price-currencySymbol\">&#107;&#114;<\/span><\/bdi><\/span><a href=\"https:\/\/internshop.aktivit.se\/?product=aktivit-byxa-cargo\" aria-describedby=\"woocommerce_loop_add_to_cart_link_describedby_1113\" data-quantity=\"1\" class=\"button product_type_variable add_to_cart_button\" data-product_id=\"1113\" data-product_sku=\"022045-99\" aria-label=\"V\u00e4lj alternativ f\u00f6r \u201dAktivIT Arbetsbyxa\u201d\" rel=\"nofollow\">V\u00e4lj alternativ<\/a>\t<span id=\"woocommerce_loop_add_to_cart_link_describedby_1113\" class=\"screen-reader-text\"><br \/>\n\t\tDen h\u00e4r produkten har flera varianter. De olika alternativen kan v\u00e4ljas p\u00e5 produktsidan\t<\/span><\/p>\n","protected":false},"featured_media":1196,"comment_status":"open","ping_status":"closed","template":"","meta":[],"product_brand":[],"product_cat":[43],"product_tag":[44],"class_list":{"0":"post-1113","1":"product","2":"type-product","3":"status-publish","4":"has-post-thumbnail","6":"product_cat-byxor","7":"product_tag-byxor","9":"first","10":"instock","11":"shipping-taxable","12":"purchasable","13":"product-type-variable"},"_links":{"self":[{"href":"https:\/\/internshop.aktivit.se\/index.php?rest_route=\/wp\/v2\/product\/1113","targetHints":{"allow":["GET"]}}],"collection":[{"href":"https:\/\/internshop.aktivit.se\/index.php?rest_route=\/wp\/v2\/product"}],"about":[{"href":"https:\/\/internshop.aktivit.se\/index.php?rest_route=\/wp\/v2\/types\/product"}],"replies":[{"embeddable":true,"href":"https:\/\/internshop.aktivit.se\/index.php?rest_route=%2Fwp%2Fv2%2Fcomments&post=1113"}],"wp:featuredmedia":[{"embeddable":true,"href":"https:\/\/internshop.aktivit.se\/index.php?rest_route=\/wp\/v2\/media\/1196"}],"wp:attachment":[{"href":"https:\/\/internshop.aktivit.se\/index.php?rest_route=%2Fwp%2Fv2%2Fmedia&parent=1113"}],"wp:term":[{"taxonomy":"product_brand","embeddable":true,"href":"https:\/\/internshop.aktivit.se\/index.php?rest_route=%2Fwp%2Fv2%2Fproduct_brand&post=1113"},{"taxonomy":"product_cat","embeddable":true,"href":"https:\/\/internshop.aktivit.se\/index.php?rest_route=%2Fwp%2Fv2%2Fproduct_cat&post=1113"},{"taxonomy":"product_tag","embeddable":true,"href":"https:\/\/internshop.aktivit.se\/index.php?rest_route=%2Fwp%2Fv2%2Fproduct_tag&post=1113"}],"curies":[{"name":"wp","href":"https:\/\/api.w.org\/{rel}","templated":true}]}}