{"id":1098,"date":"2021-08-18T12:35:02","date_gmt":"2021-08-18T12:35:02","guid":{"rendered":"https:\/\/internshop.aktivit.se\/?post_type=product&#038;p=1098"},"modified":"2023-11-08T07:30:11","modified_gmt":"2023-11-08T07:30:11","slug":"aktivit-mossa","status":"publish","type":"product","link":"https:\/\/internshop.aktivit.se\/?product=aktivit-mossa","title":{"rendered":"AktivIT M\u00f6ssa"},"content":{"rendered":"","protected":false},"excerpt":{"rendered":"<p>L\u00e4tt och sk\u00f6n single jersey-m\u00f6ssa i bomull med mjukt svart fleecefoder.&hellip;<\/p>\n<p class=\"product woocommerce add_to_cart_inline \" style=\"border:4px solid #ccc; padding: 12px;\"><span class=\"woocommerce-Price-amount amount\"><bdi>100.00<span class=\"woocommerce-Price-currencySymbol\">&#107;&#114;<\/span><\/bdi><\/span><a href=\"\/index.php?rest_route=%2Fwp%2Fv2%2Fproduct%2F1098&#038;add-to-cart=1098\" aria-describedby=\"woocommerce_loop_add_to_cart_link_describedby_1098\" data-quantity=\"1\" class=\"button product_type_simple add_to_cart_button ajax_add_to_cart\" data-product_id=\"1098\" data-product_sku=\"024125-99\" aria-label=\"L\u00e4gg till i varukorgen: \u201dAktivIT M\u00f6ssa\u201d\" rel=\"nofollow\" data-success_message=\"&quot;AktivIT M\u00f6ssa&quot; har lagts till i din varukorg\" role=\"button\">L\u00e4gg till i varukorg<\/a>\t<span id=\"woocommerce_loop_add_to_cart_link_describedby_1098\" class=\"screen-reader-text\"><br \/>\n\t\t\t<\/span><\/p>\n","protected":false},"featured_media":1100,"comment_status":"open","ping_status":"closed","template":"","meta":[],"product_brand":[],"product_cat":[86],"product_tag":[87,88],"class_list":{"0":"post-1098","1":"product","2":"type-product","3":"status-publish","4":"has-post-thumbnail","6":"product_cat-mossor","7":"product_tag-mossa","8":"product_tag-mossor","10":"first","11":"instock","12":"shipping-taxable","13":"purchasable","14":"product-type-simple"},"_links":{"self":[{"href":"https:\/\/internshop.aktivit.se\/index.php?rest_route=\/wp\/v2\/product\/1098","targetHints":{"allow":["GET"]}}],"collection":[{"href":"https:\/\/internshop.aktivit.se\/index.php?rest_route=\/wp\/v2\/product"}],"about":[{"href":"https:\/\/internshop.aktivit.se\/index.php?rest_route=\/wp\/v2\/types\/product"}],"replies":[{"embeddable":true,"href":"https:\/\/internshop.aktivit.se\/index.php?rest_route=%2Fwp%2Fv2%2Fcomments&post=1098"}],"wp:featuredmedia":[{"embeddable":true,"href":"https:\/\/internshop.aktivit.se\/index.php?rest_route=\/wp\/v2\/media\/1100"}],"wp:attachment":[{"href":"https:\/\/internshop.aktivit.se\/index.php?rest_route=%2Fwp%2Fv2%2Fmedia&parent=1098"}],"wp:term":[{"taxonomy":"product_brand","embeddable":true,"href":"https:\/\/internshop.aktivit.se\/index.php?rest_route=%2Fwp%2Fv2%2Fproduct_brand&post=1098"},{"taxonomy":"product_cat","embeddable":true,"href":"https:\/\/internshop.aktivit.se\/index.php?rest_route=%2Fwp%2Fv2%2Fproduct_cat&post=1098"},{"taxonomy":"product_tag","embeddable":true,"href":"https:\/\/internshop.aktivit.se\/index.php?rest_route=%2Fwp%2Fv2%2Fproduct_tag&post=1098"}],"curies":[{"name":"wp","href":"https:\/\/api.w.org\/{rel}","templated":true}]}}