{"id":1076,"date":"2021-08-18T12:17:29","date_gmt":"2021-08-18T12:17:29","guid":{"rendered":"https:\/\/internshop.aktivit.se\/?post_type=product&#038;p=1076"},"modified":"2023-11-08T07:38:11","modified_gmt":"2023-11-08T07:38:11","slug":"aktivit-langarmad-t-shirt","status":"publish","type":"product","link":"https:\/\/internshop.aktivit.se\/?product=aktivit-langarmad-t-shirt","title":{"rendered":"AktivIT L\u00e5ng\u00e4rmad T-shirt"},"content":{"rendered":"","protected":false},"excerpt":{"rendered":"<p>L\u00e5ng\u00e4rmad rundhalsad t-shirt i n\u00e5got smalare passform samt en n\u00e4tt ribb runt halskanten.&hellip;<\/p>\n<p class=\"product woocommerce add_to_cart_inline \" style=\"border:4px solid #ccc; padding: 12px;\"><span class=\"woocommerce-Price-amount amount\"><bdi>225.00<span class=\"woocommerce-Price-currencySymbol\">&#107;&#114;<\/span><\/bdi><\/span><a href=\"https:\/\/internshop.aktivit.se\/?product=aktivit-langarmad-t-shirt\" aria-describedby=\"woocommerce_loop_add_to_cart_link_describedby_1076\" data-quantity=\"1\" class=\"button product_type_variable add_to_cart_button\" data-product_id=\"1076\" data-product_sku=\"141020-990\" aria-label=\"V\u00e4lj alternativ f\u00f6r \u201dAktivIT L\u00e5ng\u00e4rmad T-shirt\u201d\" rel=\"nofollow\">V\u00e4lj alternativ<\/a>\t<span id=\"woocommerce_loop_add_to_cart_link_describedby_1076\" class=\"screen-reader-text\"><br \/>\n\t\tDen h\u00e4r produkten har flera varianter. De olika alternativen kan v\u00e4ljas p\u00e5 produktsidan\t<\/span><\/p>\n","protected":false},"featured_media":1094,"comment_status":"open","ping_status":"closed","template":"","meta":[],"product_brand":[],"product_cat":[31],"product_tag":[17,16],"class_list":{"0":"post-1076","1":"product","2":"type-product","3":"status-publish","4":"has-post-thumbnail","6":"product_cat-t-shirts","7":"product_tag-tshirts","8":"product_tag-tshirt","10":"first","11":"instock","12":"shipping-taxable","13":"purchasable","14":"product-type-variable"},"_links":{"self":[{"href":"https:\/\/internshop.aktivit.se\/index.php?rest_route=\/wp\/v2\/product\/1076","targetHints":{"allow":["GET"]}}],"collection":[{"href":"https:\/\/internshop.aktivit.se\/index.php?rest_route=\/wp\/v2\/product"}],"about":[{"href":"https:\/\/internshop.aktivit.se\/index.php?rest_route=\/wp\/v2\/types\/product"}],"replies":[{"embeddable":true,"href":"https:\/\/internshop.aktivit.se\/index.php?rest_route=%2Fwp%2Fv2%2Fcomments&post=1076"}],"wp:featuredmedia":[{"embeddable":true,"href":"https:\/\/internshop.aktivit.se\/index.php?rest_route=\/wp\/v2\/media\/1094"}],"wp:attachment":[{"href":"https:\/\/internshop.aktivit.se\/index.php?rest_route=%2Fwp%2Fv2%2Fmedia&parent=1076"}],"wp:term":[{"taxonomy":"product_brand","embeddable":true,"href":"https:\/\/internshop.aktivit.se\/index.php?rest_route=%2Fwp%2Fv2%2Fproduct_brand&post=1076"},{"taxonomy":"product_cat","embeddable":true,"href":"https:\/\/internshop.aktivit.se\/index.php?rest_route=%2Fwp%2Fv2%2Fproduct_cat&post=1076"},{"taxonomy":"product_tag","embeddable":true,"href":"https:\/\/internshop.aktivit.se\/index.php?rest_route=%2Fwp%2Fv2%2Fproduct_tag&post=1076"}],"curies":[{"name":"wp","href":"https:\/\/api.w.org\/{rel}","templated":true}]}}